{"id":41,"date":"2022-07-14T12:51:37","date_gmt":"2022-07-14T10:51:37","guid":{"rendered":"http:\/\/mangoandchilli.pl\/?page_id=41"},"modified":"2025-12-03T08:16:32","modified_gmt":"2025-12-03T07:16:32","slug":"catering","status":"publish","type":"page","link":"https:\/\/mangoandchilli.pl\/index.php\/catering\/","title":{"rendered":"Catering \u015awi\u0105teczny"},"content":{"rendered":"\t\t<div data-elementor-type=\"wp-page\" data-elementor-id=\"41\" class=\"elementor elementor-41\">\n\t\t\t\t\t\t<section class=\"elementor-section elementor-top-section elementor-element elementor-element-7713c36 elementor-section-height-min-height elementor-section-boxed elementor-section-height-default elementor-section-items-middle\" data-id=\"7713c36\" data-element_type=\"section\">\n\t\t\t\t\t\t<div class=\"elementor-container elementor-column-gap-default\">\n\t\t\t\t\t<div class=\"elementor-column elementor-col-100 elementor-top-column elementor-element elementor-element-7de6322\" data-id=\"7de6322\" data-element_type=\"column\">\n\t\t\t<div class=\"elementor-widget-wrap elementor-element-populated\">\n\t\t\t\t\t\t<div class=\"elementor-element elementor-element-79a59ee elementor-widget elementor-widget-heading\" data-id=\"79a59ee\" data-element_type=\"widget\" data-widget_type=\"heading.default\">\n\t\t\t\t<div class=\"elementor-widget-container\">\n\t\t\t\t\t<h2 class=\"elementor-heading-title elementor-size-default\">\u015awi\u0119ta 2025<\/h2>\t\t\t\t<\/div>\n\t\t\t\t<\/div>\n\t\t\t\t\t<\/div>\n\t\t<\/div>\n\t\t\t\t\t<\/div>\n\t\t<\/section>\n\t\t\t\t<section class=\"elementor-section elementor-top-section elementor-element elementor-element-1cd065d elementor-section-boxed elementor-section-height-default elementor-section-height-default\" data-id=\"1cd065d\" data-element_type=\"section\">\n\t\t\t\t\t\t<div class=\"elementor-container elementor-column-gap-default\">\n\t\t\t\t\t<div class=\"elementor-column elementor-col-100 elementor-top-column elementor-element elementor-element-53dc47a\" data-id=\"53dc47a\" data-element_type=\"column\">\n\t\t\t<div class=\"elementor-widget-wrap elementor-element-populated\">\n\t\t\t\t\t\t<section class=\"elementor-section elementor-inner-section elementor-element elementor-element-309a438 elementor-section-boxed elementor-section-height-default elementor-section-height-default\" data-id=\"309a438\" data-element_type=\"section\">\n\t\t\t\t\t\t<div class=\"elementor-container elementor-column-gap-default\">\n\t\t\t\t\t<div class=\"elementor-column elementor-col-50 elementor-inner-column elementor-element elementor-element-73019bf\" data-id=\"73019bf\" data-element_type=\"column\">\n\t\t\t<div class=\"elementor-widget-wrap elementor-element-populated\">\n\t\t\t\t\t\t<div class=\"elementor-element elementor-element-c01529e elementor-widget elementor-widget-image\" data-id=\"c01529e\" data-element_type=\"widget\" data-widget_type=\"image.default\">\n\t\t\t\t<div class=\"elementor-widget-container\">\n\t\t\t\t\t\t\t\t\t\t\t\t\t\t\t<img fetchpriority=\"high\" decoding=\"async\" width=\"716\" height=\"1024\" src=\"https:\/\/mangoandchilli.pl\/wp-content\/uploads\/2025\/12\/Boze-Narodzenie-2025-1-716x1024.jpg\" class=\"elementor-animation-float attachment-large size-large wp-image-1665\" alt=\"\" srcset=\"https:\/\/mangoandchilli.pl\/wp-content\/uploads\/2025\/12\/Boze-Narodzenie-2025-1-716x1024.jpg 716w, https:\/\/mangoandchilli.pl\/wp-content\/uploads\/2025\/12\/Boze-Narodzenie-2025-1-210x300.jpg 210w, https:\/\/mangoandchilli.pl\/wp-content\/uploads\/2025\/12\/Boze-Narodzenie-2025-1-768x1098.jpg 768w, https:\/\/mangoandchilli.pl\/wp-content\/uploads\/2025\/12\/Boze-Narodzenie-2025-1-1074x1536.jpg 1074w, https:\/\/mangoandchilli.pl\/wp-content\/uploads\/2025\/12\/Boze-Narodzenie-2025-1.jpg 1119w\" sizes=\"(max-width: 716px) 100vw, 716px\" \/>\t\t\t\t\t\t\t\t\t\t\t\t\t\t\t<\/div>\n\t\t\t\t<\/div>\n\t\t\t\t\t<\/div>\n\t\t<\/div>\n\t\t\t\t<div class=\"elementor-column elementor-col-50 elementor-inner-column elementor-element elementor-element-a4db19b\" data-id=\"a4db19b\" data-element_type=\"column\">\n\t\t\t<div class=\"elementor-widget-wrap elementor-element-populated\">\n\t\t\t\t\t\t<div class=\"elementor-element elementor-element-b1be726 elementor-widget elementor-widget-image\" data-id=\"b1be726\" data-element_type=\"widget\" data-widget_type=\"image.default\">\n\t\t\t\t<div class=\"elementor-widget-container\">\n\t\t\t\t\t\t\t\t\t\t\t\t\t\t\t<img decoding=\"async\" width=\"716\" height=\"1024\" src=\"https:\/\/mangoandchilli.pl\/wp-content\/uploads\/2025\/12\/Boze-Narodzenie-2025-2-716x1024.jpg\" class=\"elementor-animation-float attachment-large size-large wp-image-1666\" alt=\"\" srcset=\"https:\/\/mangoandchilli.pl\/wp-content\/uploads\/2025\/12\/Boze-Narodzenie-2025-2-716x1024.jpg 716w, https:\/\/mangoandchilli.pl\/wp-content\/uploads\/2025\/12\/Boze-Narodzenie-2025-2-210x300.jpg 210w, https:\/\/mangoandchilli.pl\/wp-content\/uploads\/2025\/12\/Boze-Narodzenie-2025-2-768x1098.jpg 768w, https:\/\/mangoandchilli.pl\/wp-content\/uploads\/2025\/12\/Boze-Narodzenie-2025-2-1074x1536.jpg 1074w, https:\/\/mangoandchilli.pl\/wp-content\/uploads\/2025\/12\/Boze-Narodzenie-2025-2.jpg 1119w\" sizes=\"(max-width: 716px) 100vw, 716px\" \/>\t\t\t\t\t\t\t\t\t\t\t\t\t\t\t<\/div>\n\t\t\t\t<\/div>\n\t\t\t\t\t<\/div>\n\t\t<\/div>\n\t\t\t\t\t<\/div>\n\t\t<\/section>\n\t\t\t\t\t<\/div>\n\t\t<\/div>\n\t\t\t\t\t<\/div>\n\t\t<\/section>\n\t\t\t\t<section class=\"elementor-section elementor-top-section elementor-element elementor-element-7d90f4a7 elementor-section-boxed elementor-section-height-default elementor-section-height-default elementor-invisible\" data-id=\"7d90f4a7\" data-element_type=\"section\" data-settings=\"{&quot;animation&quot;:&quot;fadeInUp&quot;}\">\n\t\t\t\t\t\t<div class=\"elementor-container elementor-column-gap-default\">\n\t\t\t\t\t<div class=\"elementor-column elementor-col-100 elementor-top-column elementor-element elementor-element-7656ba10\" data-id=\"7656ba10\" data-element_type=\"column\">\n\t\t\t<div class=\"elementor-widget-wrap elementor-element-populated\">\n\t\t\t\t\t\t<div class=\"elementor-element elementor-element-7000afae elementor-widget elementor-widget-text-editor\" data-id=\"7000afae\" data-element_type=\"widget\" data-widget_type=\"text-editor.default\">\n\t\t\t\t<div class=\"elementor-widget-container\">\n\t\t\t\t\t\t\t\t\t<p>Aktualne menu, promocje oraz ceny:<\/p>\t\t\t\t\t\t\t\t<\/div>\n\t\t\t\t<\/div>\n\t\t\t\t<div class=\"elementor-element elementor-element-287e3de9 elementor-align-center elementor-widget elementor-widget-button\" data-id=\"287e3de9\" data-element_type=\"widget\" data-widget_type=\"button.default\">\n\t\t\t\t<div class=\"elementor-widget-container\">\n\t\t\t\t\t\t\t\t\t<div class=\"elementor-button-wrapper\">\n\t\t\t\t\t<a class=\"elementor-button elementor-button-link elementor-size-sm elementor-animation-float\" href=\"https:\/\/www.facebook.com\/mangoandchilli\" target=\"_blank\">\n\t\t\t\t\t\t<span class=\"elementor-button-content-wrapper\">\n\t\t\t\t\t\t<span class=\"elementor-button-icon\">\n\t\t\t\t<i aria-hidden=\"true\" class=\"fab fa-facebook\"><\/i>\t\t\t<\/span>\n\t\t\t\t\t\t\t\t\t<span class=\"elementor-button-text\">DO\u0141\u0104CZ DO MANGO LOVERS<\/span>\n\t\t\t\t\t<\/span>\n\t\t\t\t\t<\/a>\n\t\t\t\t<\/div>\n\t\t\t\t\t\t\t\t<\/div>\n\t\t\t\t<\/div>\n\t\t\t\t<div class=\"elementor-element elementor-element-5187249f elementor-invisible elementor-widget elementor-widget-image\" data-id=\"5187249f\" data-element_type=\"widget\" data-settings=\"{&quot;_animation&quot;:&quot;fadeInUp&quot;}\" data-widget_type=\"image.default\">\n\t\t\t\t<div class=\"elementor-widget-container\">\n\t\t\t\t\t\t\t\t\t\t\t\t\t\t\t<img decoding=\"async\" width=\"160\" height=\"133\" src=\"https:\/\/mangoandchilli.pl\/wp-content\/uploads\/2022\/07\/mangoandchilli_logo_min_bw-2.png\" class=\"attachment-medium size-medium wp-image-214\" alt=\"\" \/>\t\t\t\t\t\t\t\t\t\t\t\t\t\t\t<\/div>\n\t\t\t\t<\/div>\n\t\t\t\t\t<\/div>\n\t\t<\/div>\n\t\t\t\t\t<\/div>\n\t\t<\/section>\n\t\t\t\t<\/div>\n\t\t","protected":false},"excerpt":{"rendered":"<p>\u015awi\u0119ta 2025 Aktualne menu, promocje oraz ceny: DO\u0141\u0104CZ DO MANGO LOVERS<\/p>\n","protected":false},"author":1,"featured_media":0,"parent":0,"menu_order":0,"comment_status":"closed","ping_status":"closed","template":"elementor_header_footer","meta":{"neve_meta_sidebar":"","neve_meta_container":"","neve_meta_enable_content_width":"","neve_meta_content_width":0,"neve_meta_title_alignment":"","neve_meta_author_avatar":"","neve_post_elements_order":"","neve_meta_disable_header":"","neve_meta_disable_footer":"","neve_meta_disable_title":"","footnotes":""},"class_list":["post-41","page","type-page","status-publish","hentry"],"yoast_head":"<!-- This site is optimized with the Yoast SEO plugin v24.1 - https:\/\/yoast.com\/wordpress\/plugins\/seo\/ -->\n<title>Catering \u015awi\u0105teczny - Mango&amp;Chilli<\/title>\n<meta name=\"robots\" content=\"index, follow, max-snippet:-1, max-image-preview:large, max-video-preview:-1\" \/>\n<link rel=\"canonical\" href=\"https:\/\/mangoandchilli.pl\/index.php\/catering\/\" \/>\n<meta property=\"og:locale\" content=\"pl_PL\" \/>\n<meta property=\"og:type\" content=\"article\" \/>\n<meta property=\"og:title\" content=\"Catering \u015awi\u0105teczny - Mango&amp;Chilli\" \/>\n<meta property=\"og:description\" content=\"\u015awi\u0119ta 2025 Aktualne menu, promocje oraz ceny: DO\u0141\u0104CZ DO MANGO LOVERS\" \/>\n<meta property=\"og:url\" content=\"https:\/\/mangoandchilli.pl\/index.php\/catering\/\" \/>\n<meta property=\"og:site_name\" content=\"Mango&amp;Chilli\" \/>\n<meta property=\"article:publisher\" content=\"https:\/\/www.facebook.com\/mangoandchilli\" \/>\n<meta property=\"article:modified_time\" content=\"2025-12-03T07:16:32+00:00\" \/>\n<meta property=\"og:image\" content=\"http:\/\/mangoandchilli.pl\/wp-content\/uploads\/2025\/12\/Boze-Narodzenie-2025-1-716x1024.jpg\" \/>\n<meta name=\"twitter:card\" content=\"summary_large_image\" \/>\n<meta name=\"twitter:label1\" content=\"Szacowany czas czytania\" \/>\n\t<meta name=\"twitter:data1\" content=\"1 minuta\" \/>\n<script type=\"application\/ld+json\" class=\"yoast-schema-graph\">{\"@context\":\"https:\/\/schema.org\",\"@graph\":[{\"@type\":\"WebPage\",\"@id\":\"https:\/\/mangoandchilli.pl\/index.php\/catering\/\",\"url\":\"https:\/\/mangoandchilli.pl\/index.php\/catering\/\",\"name\":\"Catering \u015awi\u0105teczny - Mango&amp;Chilli\",\"isPartOf\":{\"@id\":\"https:\/\/mangoandchilli.pl\/#website\"},\"primaryImageOfPage\":{\"@id\":\"https:\/\/mangoandchilli.pl\/index.php\/catering\/#primaryimage\"},\"image\":{\"@id\":\"https:\/\/mangoandchilli.pl\/index.php\/catering\/#primaryimage\"},\"thumbnailUrl\":\"http:\/\/mangoandchilli.pl\/wp-content\/uploads\/2025\/12\/Boze-Narodzenie-2025-1-716x1024.jpg\",\"datePublished\":\"2022-07-14T10:51:37+00:00\",\"dateModified\":\"2025-12-03T07:16:32+00:00\",\"breadcrumb\":{\"@id\":\"https:\/\/mangoandchilli.pl\/index.php\/catering\/#breadcrumb\"},\"inLanguage\":\"pl-PL\",\"potentialAction\":[{\"@type\":\"ReadAction\",\"target\":[\"https:\/\/mangoandchilli.pl\/index.php\/catering\/\"]}]},{\"@type\":\"ImageObject\",\"inLanguage\":\"pl-PL\",\"@id\":\"https:\/\/mangoandchilli.pl\/index.php\/catering\/#primaryimage\",\"url\":\"https:\/\/mangoandchilli.pl\/wp-content\/uploads\/2025\/12\/Boze-Narodzenie-2025-1.jpg\",\"contentUrl\":\"https:\/\/mangoandchilli.pl\/wp-content\/uploads\/2025\/12\/Boze-Narodzenie-2025-1.jpg\",\"width\":1119,\"height\":1600},{\"@type\":\"BreadcrumbList\",\"@id\":\"https:\/\/mangoandchilli.pl\/index.php\/catering\/#breadcrumb\",\"itemListElement\":[{\"@type\":\"ListItem\",\"position\":1,\"name\":\"Strona g\u0142\u00f3wna\",\"item\":\"https:\/\/mangoandchilli.pl\/\"},{\"@type\":\"ListItem\",\"position\":2,\"name\":\"Catering \u015awi\u0105teczny\"}]},{\"@type\":\"WebSite\",\"@id\":\"https:\/\/mangoandchilli.pl\/#website\",\"url\":\"https:\/\/mangoandchilli.pl\/\",\"name\":\"Mango&amp;Chilli\",\"description\":\"Wy\u015bmienity catering prosto do pracy lub domu\",\"publisher\":{\"@id\":\"https:\/\/mangoandchilli.pl\/#organization\"},\"potentialAction\":[{\"@type\":\"SearchAction\",\"target\":{\"@type\":\"EntryPoint\",\"urlTemplate\":\"https:\/\/mangoandchilli.pl\/?s={search_term_string}\"},\"query-input\":{\"@type\":\"PropertyValueSpecification\",\"valueRequired\":true,\"valueName\":\"search_term_string\"}}],\"inLanguage\":\"pl-PL\"},{\"@type\":\"Organization\",\"@id\":\"https:\/\/mangoandchilli.pl\/#organization\",\"name\":\"Mango & Chilli\",\"alternateName\":\"Mango i Chilli\",\"url\":\"https:\/\/mangoandchilli.pl\/\",\"logo\":{\"@type\":\"ImageObject\",\"inLanguage\":\"pl-PL\",\"@id\":\"https:\/\/mangoandchilli.pl\/#\/schema\/logo\/image\/\",\"url\":\"http:\/\/mangoandchilli.pl\/wp-content\/uploads\/2022\/07\/logo.jpg\",\"contentUrl\":\"http:\/\/mangoandchilli.pl\/wp-content\/uploads\/2022\/07\/logo.jpg\",\"width\":951,\"height\":757,\"caption\":\"Mango & Chilli\"},\"image\":{\"@id\":\"https:\/\/mangoandchilli.pl\/#\/schema\/logo\/image\/\"},\"sameAs\":[\"https:\/\/www.facebook.com\/mangoandchilli\",\"https:\/\/www.instagram.com\/mango.and.chilli\/?hl=en\"]}]}<\/script>\n<!-- \/ Yoast SEO plugin. -->","yoast_head_json":{"title":"Catering \u015awi\u0105teczny - Mango&amp;Chilli","robots":{"index":"index","follow":"follow","max-snippet":"max-snippet:-1","max-image-preview":"max-image-preview:large","max-video-preview":"max-video-preview:-1"},"canonical":"https:\/\/mangoandchilli.pl\/index.php\/catering\/","og_locale":"pl_PL","og_type":"article","og_title":"Catering \u015awi\u0105teczny - Mango&amp;Chilli","og_description":"\u015awi\u0119ta 2025 Aktualne menu, promocje oraz ceny: DO\u0141\u0104CZ DO MANGO LOVERS","og_url":"https:\/\/mangoandchilli.pl\/index.php\/catering\/","og_site_name":"Mango&amp;Chilli","article_publisher":"https:\/\/www.facebook.com\/mangoandchilli","article_modified_time":"2025-12-03T07:16:32+00:00","og_image":[{"url":"http:\/\/mangoandchilli.pl\/wp-content\/uploads\/2025\/12\/Boze-Narodzenie-2025-1-716x1024.jpg","type":"","width":"","height":""}],"twitter_card":"summary_large_image","twitter_misc":{"Szacowany czas czytania":"1 minuta"},"schema":{"@context":"https:\/\/schema.org","@graph":[{"@type":"WebPage","@id":"https:\/\/mangoandchilli.pl\/index.php\/catering\/","url":"https:\/\/mangoandchilli.pl\/index.php\/catering\/","name":"Catering \u015awi\u0105teczny - Mango&amp;Chilli","isPartOf":{"@id":"https:\/\/mangoandchilli.pl\/#website"},"primaryImageOfPage":{"@id":"https:\/\/mangoandchilli.pl\/index.php\/catering\/#primaryimage"},"image":{"@id":"https:\/\/mangoandchilli.pl\/index.php\/catering\/#primaryimage"},"thumbnailUrl":"http:\/\/mangoandchilli.pl\/wp-content\/uploads\/2025\/12\/Boze-Narodzenie-2025-1-716x1024.jpg","datePublished":"2022-07-14T10:51:37+00:00","dateModified":"2025-12-03T07:16:32+00:00","breadcrumb":{"@id":"https:\/\/mangoandchilli.pl\/index.php\/catering\/#breadcrumb"},"inLanguage":"pl-PL","potentialAction":[{"@type":"ReadAction","target":["https:\/\/mangoandchilli.pl\/index.php\/catering\/"]}]},{"@type":"ImageObject","inLanguage":"pl-PL","@id":"https:\/\/mangoandchilli.pl\/index.php\/catering\/#primaryimage","url":"https:\/\/mangoandchilli.pl\/wp-content\/uploads\/2025\/12\/Boze-Narodzenie-2025-1.jpg","contentUrl":"https:\/\/mangoandchilli.pl\/wp-content\/uploads\/2025\/12\/Boze-Narodzenie-2025-1.jpg","width":1119,"height":1600},{"@type":"BreadcrumbList","@id":"https:\/\/mangoandchilli.pl\/index.php\/catering\/#breadcrumb","itemListElement":[{"@type":"ListItem","position":1,"name":"Strona g\u0142\u00f3wna","item":"https:\/\/mangoandchilli.pl\/"},{"@type":"ListItem","position":2,"name":"Catering \u015awi\u0105teczny"}]},{"@type":"WebSite","@id":"https:\/\/mangoandchilli.pl\/#website","url":"https:\/\/mangoandchilli.pl\/","name":"Mango&amp;Chilli","description":"Wy\u015bmienity catering prosto do pracy lub domu","publisher":{"@id":"https:\/\/mangoandchilli.pl\/#organization"},"potentialAction":[{"@type":"SearchAction","target":{"@type":"EntryPoint","urlTemplate":"https:\/\/mangoandchilli.pl\/?s={search_term_string}"},"query-input":{"@type":"PropertyValueSpecification","valueRequired":true,"valueName":"search_term_string"}}],"inLanguage":"pl-PL"},{"@type":"Organization","@id":"https:\/\/mangoandchilli.pl\/#organization","name":"Mango & Chilli","alternateName":"Mango i Chilli","url":"https:\/\/mangoandchilli.pl\/","logo":{"@type":"ImageObject","inLanguage":"pl-PL","@id":"https:\/\/mangoandchilli.pl\/#\/schema\/logo\/image\/","url":"http:\/\/mangoandchilli.pl\/wp-content\/uploads\/2022\/07\/logo.jpg","contentUrl":"http:\/\/mangoandchilli.pl\/wp-content\/uploads\/2022\/07\/logo.jpg","width":951,"height":757,"caption":"Mango & Chilli"},"image":{"@id":"https:\/\/mangoandchilli.pl\/#\/schema\/logo\/image\/"},"sameAs":["https:\/\/www.facebook.com\/mangoandchilli","https:\/\/www.instagram.com\/mango.and.chilli\/?hl=en"]}]}},"_links":{"self":[{"href":"https:\/\/mangoandchilli.pl\/index.php\/wp-json\/wp\/v2\/pages\/41","targetHints":{"allow":["GET"]}}],"collection":[{"href":"https:\/\/mangoandchilli.pl\/index.php\/wp-json\/wp\/v2\/pages"}],"about":[{"href":"https:\/\/mangoandchilli.pl\/index.php\/wp-json\/wp\/v2\/types\/page"}],"author":[{"embeddable":true,"href":"https:\/\/mangoandchilli.pl\/index.php\/wp-json\/wp\/v2\/users\/1"}],"replies":[{"embeddable":true,"href":"https:\/\/mangoandchilli.pl\/index.php\/wp-json\/wp\/v2\/comments?post=41"}],"version-history":[{"count":35,"href":"https:\/\/mangoandchilli.pl\/index.php\/wp-json\/wp\/v2\/pages\/41\/revisions"}],"predecessor-version":[{"id":1672,"href":"https:\/\/mangoandchilli.pl\/index.php\/wp-json\/wp\/v2\/pages\/41\/revisions\/1672"}],"wp:attachment":[{"href":"https:\/\/mangoandchilli.pl\/index.php\/wp-json\/wp\/v2\/media?parent=41"}],"curies":[{"name":"wp","href":"https:\/\/api.w.org\/{rel}","templated":true}]}}